{"id":15748,"date":"2019-04-19T11:20:23","date_gmt":"2019-04-19T09:20:23","guid":{"rendered":"https:\/\/tyromotion.com\/blog\/"},"modified":"2025-07-16T14:35:36","modified_gmt":"2025-07-16T12:35:36","slug":"blog","status":"publish","type":"page","link":"https:\/\/tyromotion.com\/en\/blog\/","title":{"rendered":"Blog"},"content":{"rendered":"","protected":false},"excerpt":{"rendered":"","protected":false},"author":2,"featured_media":0,"parent":0,"menu_order":130,"comment_status":"closed","ping_status":"closed","template":"page_blog.php","meta":{"_acf_changed":false,"inline_featured_image":false,"footnotes":""},"class_list":["post-15748","page","type-page","status-publish","hentry"],"acf":[],"yoast_head":"<!-- This site is optimized with the Yoast SEO plugin v27.2 - https:\/\/yoast.com\/product\/yoast-seo-wordpress\/ -->\n<title>Blog - Tyromotion<\/title>\n<meta name=\"description\" content=\"Wir entwickeln revolution\u00e4re technologiegest\u00fctzte Rehabilitationsger\u00e4te, die den Mensch in den Mittelpunkt der Therapie stellen.\" \/>\n<meta name=\"robots\" content=\"index, follow, max-snippet:-1, max-image-preview:large, max-video-preview:-1\" \/>\n<link rel=\"canonical\" href=\"https:\/\/tyromotion.com\/en\/blog\/\" \/>\n<meta property=\"og:locale\" content=\"en_US\" \/>\n<meta property=\"og:type\" content=\"article\" \/>\n<meta property=\"og:title\" content=\"Blog - Tyromotion\" \/>\n<meta property=\"og:description\" content=\"Wir entwickeln revolution\u00e4re technologiegest\u00fctzte Rehabilitationsger\u00e4te, die den Mensch in den Mittelpunkt der Therapie stellen.\" \/>\n<meta property=\"og:url\" content=\"https:\/\/tyromotion.com\/en\/blog\/\" \/>\n<meta property=\"og:site_name\" content=\"Tyromotion\" \/>\n<meta property=\"article:modified_time\" content=\"2025-07-16T12:35:36+00:00\" \/>\n<meta name=\"twitter:card\" content=\"summary_large_image\" \/>\n<script type=\"application\/ld+json\" class=\"yoast-schema-graph\">{\"@context\":\"https:\/\/schema.org\",\"@graph\":[{\"@type\":\"WebPage\",\"@id\":\"https:\/\/tyromotion.com\/en\/blog\/\",\"url\":\"https:\/\/tyromotion.com\/en\/blog\/\",\"name\":\"Blog - Tyromotion\",\"isPartOf\":{\"@id\":\"https:\/\/tyromotion.com\/#website\"},\"datePublished\":\"2019-04-19T09:20:23+00:00\",\"dateModified\":\"2025-07-16T12:35:36+00:00\",\"description\":\"Wir entwickeln revolution\u00e4re technologiegest\u00fctzte Rehabilitationsger\u00e4te, die den Mensch in den Mittelpunkt der Therapie stellen.\",\"breadcrumb\":{\"@id\":\"https:\/\/tyromotion.com\/en\/blog\/#breadcrumb\"},\"inLanguage\":\"en-US\",\"potentialAction\":[{\"@type\":\"ReadAction\",\"target\":[\"https:\/\/tyromotion.com\/en\/blog\/\"]}]},{\"@type\":\"BreadcrumbList\",\"@id\":\"https:\/\/tyromotion.com\/en\/blog\/#breadcrumb\",\"itemListElement\":[{\"@type\":\"ListItem\",\"position\":1,\"name\":\"Tyromotion\",\"item\":\"https:\/\/tyromotion.com\/en\/\"},{\"@type\":\"ListItem\",\"position\":2,\"name\":\"Blog\"}]},{\"@type\":\"WebSite\",\"@id\":\"https:\/\/tyromotion.com\/#website\",\"url\":\"https:\/\/tyromotion.com\/\",\"name\":\"Tyromotion\",\"description\":\"\",\"potentialAction\":[{\"@type\":\"SearchAction\",\"target\":{\"@type\":\"EntryPoint\",\"urlTemplate\":\"https:\/\/tyromotion.com\/?s={search_term_string}\"},\"query-input\":{\"@type\":\"PropertyValueSpecification\",\"valueRequired\":true,\"valueName\":\"search_term_string\"}}],\"inLanguage\":\"en-US\"}]}<\/script>\n<!-- \/ Yoast SEO plugin. -->","yoast_head_json":{"title":"Blog - Tyromotion","description":"Wir entwickeln revolution\u00e4re technologiegest\u00fctzte Rehabilitationsger\u00e4te, die den Mensch in den Mittelpunkt der Therapie stellen.","robots":{"index":"index","follow":"follow","max-snippet":"max-snippet:-1","max-image-preview":"max-image-preview:large","max-video-preview":"max-video-preview:-1"},"canonical":"https:\/\/tyromotion.com\/en\/blog\/","og_locale":"en_US","og_type":"article","og_title":"Blog - Tyromotion","og_description":"Wir entwickeln revolution\u00e4re technologiegest\u00fctzte Rehabilitationsger\u00e4te, die den Mensch in den Mittelpunkt der Therapie stellen.","og_url":"https:\/\/tyromotion.com\/en\/blog\/","og_site_name":"Tyromotion","article_modified_time":"2025-07-16T12:35:36+00:00","twitter_card":"summary_large_image","schema":{"@context":"https:\/\/schema.org","@graph":[{"@type":"WebPage","@id":"https:\/\/tyromotion.com\/en\/blog\/","url":"https:\/\/tyromotion.com\/en\/blog\/","name":"Blog - Tyromotion","isPartOf":{"@id":"https:\/\/tyromotion.com\/#website"},"datePublished":"2019-04-19T09:20:23+00:00","dateModified":"2025-07-16T12:35:36+00:00","description":"Wir entwickeln revolution\u00e4re technologiegest\u00fctzte Rehabilitationsger\u00e4te, die den Mensch in den Mittelpunkt der Therapie stellen.","breadcrumb":{"@id":"https:\/\/tyromotion.com\/en\/blog\/#breadcrumb"},"inLanguage":"en-US","potentialAction":[{"@type":"ReadAction","target":["https:\/\/tyromotion.com\/en\/blog\/"]}]},{"@type":"BreadcrumbList","@id":"https:\/\/tyromotion.com\/en\/blog\/#breadcrumb","itemListElement":[{"@type":"ListItem","position":1,"name":"Tyromotion","item":"https:\/\/tyromotion.com\/en\/"},{"@type":"ListItem","position":2,"name":"Blog"}]},{"@type":"WebSite","@id":"https:\/\/tyromotion.com\/#website","url":"https:\/\/tyromotion.com\/","name":"Tyromotion","description":"","potentialAction":[{"@type":"SearchAction","target":{"@type":"EntryPoint","urlTemplate":"https:\/\/tyromotion.com\/?s={search_term_string}"},"query-input":{"@type":"PropertyValueSpecification","valueRequired":true,"valueName":"search_term_string"}}],"inLanguage":"en-US"}]}},"_links":{"self":[{"href":"https:\/\/tyromotion.com\/en\/wp-json\/wp\/v2\/pages\/15748","targetHints":{"allow":["GET"]}}],"collection":[{"href":"https:\/\/tyromotion.com\/en\/wp-json\/wp\/v2\/pages"}],"about":[{"href":"https:\/\/tyromotion.com\/en\/wp-json\/wp\/v2\/types\/page"}],"author":[{"embeddable":true,"href":"https:\/\/tyromotion.com\/en\/wp-json\/wp\/v2\/users\/2"}],"replies":[{"embeddable":true,"href":"https:\/\/tyromotion.com\/en\/wp-json\/wp\/v2\/comments?post=15748"}],"version-history":[{"count":4,"href":"https:\/\/tyromotion.com\/en\/wp-json\/wp\/v2\/pages\/15748\/revisions"}],"predecessor-version":[{"id":19655,"href":"https:\/\/tyromotion.com\/en\/wp-json\/wp\/v2\/pages\/15748\/revisions\/19655"}],"wp:attachment":[{"href":"https:\/\/tyromotion.com\/en\/wp-json\/wp\/v2\/media?parent=15748"}],"curies":[{"name":"wp","href":"https:\/\/api.w.org\/{rel}","templated":true}]}}